{"id":1139,"date":"2021-07-15T00:18:13","date_gmt":"2021-07-14T22:18:13","guid":{"rendered":"https:\/\/demo.webbyannie.com\/exempel\/1-butik\/kassan\/"},"modified":"2021-07-30T20:21:33","modified_gmt":"2021-07-30T18:21:33","slug":"kassan","status":"publish","type":"page","link":"https:\/\/demo.webbyannie.com\/exempel\/1-butik\/kassan\/","title":{"rendered":"Kassa"},"content":{"rendered":"\t\t<div data-elementor-type=\"wp-page\" data-elementor-id=\"1139\" class=\"elementor elementor-1139\" data-elementor-post-type=\"page\">\n\t\t\t\t\t\t<section class=\"elementor-section elementor-top-section elementor-element elementor-element-38617a7d elementor-section-boxed elementor-section-height-default elementor-section-height-default\" data-id=\"38617a7d\" data-element_type=\"section\">\n\t\t\t\t\t\t<div class=\"elementor-container elementor-column-gap-default\">\n\t\t\t\t\t<div class=\"elementor-column elementor-col-100 elementor-top-column elementor-element elementor-element-4406a37a\" data-id=\"4406a37a\" data-element_type=\"column\">\n\t\t\t<div class=\"elementor-widget-wrap elementor-element-populated\">\n\t\t\t\t\t\t<div class=\"elementor-element elementor-element-4a7b6923 elementor-widget elementor-widget-heading\" data-id=\"4a7b6923\" data-element_type=\"widget\" data-widget_type=\"heading.default\">\n\t\t\t\t<div class=\"elementor-widget-container\">\n\t\t\t\t\t<h1 class=\"elementor-heading-title elementor-size-default\">Kassa<\/h1>\t\t\t\t<\/div>\n\t\t\t\t<\/div>\n\t\t\t\t<div class=\"elementor-element elementor-element-ec2c624 elementor-widget elementor-widget-wc-elements\" data-id=\"ec2c624\" data-element_type=\"widget\" data-widget_type=\"wc-elements.default\">\n\t\t\t\t<div class=\"elementor-widget-container\">\n\t\t\t\t\t<div class=\"woocommerce\">Din varukorg \u00e4r f\u00f6r n\u00e4rvarande tom.<\/div>\t\t\t\t<\/div>\n\t\t\t\t<\/div>\n\t\t\t\t\t<\/div>\n\t\t<\/div>\n\t\t\t\t\t<\/div>\n\t\t<\/section>\n\t\t\t\t<\/div>\n\t\t","protected":false},"excerpt":{"rendered":"","protected":false},"author":1,"featured_media":0,"parent":0,"menu_order":0,"comment_status":"closed","ping_status":"closed","template":"elementor_header_footer","meta":{"footnotes":""},"class_list":["post-1139","page","type-page","status-publish","hentry"],"yoast_head":"<!-- This site is optimized with the Yoast SEO plugin v25.3.1 - https:\/\/yoast.com\/wordpress\/plugins\/seo\/ -->\n<title>Kassa - WebByAnnie Exempel 1 ljus<\/title>\n<meta name=\"robots\" content=\"index, follow, max-snippet:-1, max-image-preview:large, max-video-preview:-1\" \/>\n<link rel=\"canonical\" href=\"https:\/\/demo.webbyannie.com\/exempel\/1-butik\/kassan\/\" \/>\n<meta property=\"og:locale\" content=\"sv_SE\" \/>\n<meta property=\"og:type\" content=\"article\" \/>\n<meta property=\"og:title\" content=\"Kassa - WebByAnnie Exempel 1 ljus\" \/>\n<meta property=\"og:url\" content=\"https:\/\/demo.webbyannie.com\/exempel\/1-butik\/kassan\/\" \/>\n<meta property=\"og:site_name\" content=\"WebByAnnie Exempel 1 ljus\" \/>\n<meta property=\"article:modified_time\" content=\"2021-07-30T18:21:33+00:00\" \/>\n<meta name=\"twitter:card\" content=\"summary_large_image\" \/>\n<meta name=\"twitter:label1\" content=\"Ber\u00e4knad l\u00e4stid\" \/>\n\t<meta name=\"twitter:data1\" content=\"5 minuter\" \/>\n<script type=\"application\/ld+json\" class=\"yoast-schema-graph\">{\"@context\":\"https:\/\/schema.org\",\"@graph\":[{\"@type\":\"WebPage\",\"@id\":\"https:\/\/demo.webbyannie.com\/exempel\/1-butik\/kassan\/\",\"url\":\"https:\/\/demo.webbyannie.com\/exempel\/1-butik\/kassan\/\",\"name\":\"Kassa - WebByAnnie Exempel 1 ljus\",\"isPartOf\":{\"@id\":\"https:\/\/demo.webbyannie.com\/exempel\/1-butik\/#website\"},\"datePublished\":\"2021-07-14T22:18:13+00:00\",\"dateModified\":\"2021-07-30T18:21:33+00:00\",\"breadcrumb\":{\"@id\":\"https:\/\/demo.webbyannie.com\/exempel\/1-butik\/kassan\/#breadcrumb\"},\"inLanguage\":\"sv-SE\",\"potentialAction\":[{\"@type\":\"ReadAction\",\"target\":[\"https:\/\/demo.webbyannie.com\/exempel\/1-butik\/kassan\/\"]}]},{\"@type\":\"BreadcrumbList\",\"@id\":\"https:\/\/demo.webbyannie.com\/exempel\/1-butik\/kassan\/#breadcrumb\",\"itemListElement\":[{\"@type\":\"ListItem\",\"position\":1,\"name\":\"Hem\",\"item\":\"https:\/\/demo.webbyannie.com\/exempel\/1-butik\/\"},{\"@type\":\"ListItem\",\"position\":2,\"name\":\"Kassa\"}]},{\"@type\":\"WebSite\",\"@id\":\"https:\/\/demo.webbyannie.com\/exempel\/1-butik\/#website\",\"url\":\"https:\/\/demo.webbyannie.com\/exempel\/1-butik\/\",\"name\":\"WebByAnnie Exempel 1 ljus\",\"description\":\"WebByAnnie exempelsite\",\"publisher\":{\"@id\":\"https:\/\/demo.webbyannie.com\/exempel\/1-butik\/#organization\"},\"potentialAction\":[{\"@type\":\"SearchAction\",\"target\":{\"@type\":\"EntryPoint\",\"urlTemplate\":\"https:\/\/demo.webbyannie.com\/exempel\/1-butik\/?s={search_term_string}\"},\"query-input\":{\"@type\":\"PropertyValueSpecification\",\"valueRequired\":true,\"valueName\":\"search_term_string\"}}],\"inLanguage\":\"sv-SE\"},{\"@type\":\"Organization\",\"@id\":\"https:\/\/demo.webbyannie.com\/exempel\/1-butik\/#organization\",\"name\":\"WebByAnnie Exempel 1 ljus\",\"url\":\"https:\/\/demo.webbyannie.com\/exempel\/1-butik\/\",\"logo\":{\"@type\":\"ImageObject\",\"inLanguage\":\"sv-SE\",\"@id\":\"https:\/\/demo.webbyannie.com\/exempel\/1-butik\/#\/schema\/logo\/image\/\",\"url\":\"https:\/\/demo.webbyannie.com\/exempel\/1-butik\/wp-content\/uploads\/2019\/01\/logo12.png\",\"contentUrl\":\"https:\/\/demo.webbyannie.com\/exempel\/1-butik\/wp-content\/uploads\/2019\/01\/logo12.png\",\"width\":400,\"height\":100,\"caption\":\"WebByAnnie Exempel 1 ljus\"},\"image\":{\"@id\":\"https:\/\/demo.webbyannie.com\/exempel\/1-butik\/#\/schema\/logo\/image\/\"}}]}<\/script>\n<!-- \/ Yoast SEO plugin. -->","yoast_head_json":{"title":"Kassa - WebByAnnie Exempel 1 ljus","robots":{"index":"index","follow":"follow","max-snippet":"max-snippet:-1","max-image-preview":"max-image-preview:large","max-video-preview":"max-video-preview:-1"},"canonical":"https:\/\/demo.webbyannie.com\/exempel\/1-butik\/kassan\/","og_locale":"sv_SE","og_type":"article","og_title":"Kassa - WebByAnnie Exempel 1 ljus","og_url":"https:\/\/demo.webbyannie.com\/exempel\/1-butik\/kassan\/","og_site_name":"WebByAnnie Exempel 1 ljus","article_modified_time":"2021-07-30T18:21:33+00:00","twitter_card":"summary_large_image","twitter_misc":{"Ber\u00e4knad l\u00e4stid":"5 minuter"},"schema":{"@context":"https:\/\/schema.org","@graph":[{"@type":"WebPage","@id":"https:\/\/demo.webbyannie.com\/exempel\/1-butik\/kassan\/","url":"https:\/\/demo.webbyannie.com\/exempel\/1-butik\/kassan\/","name":"Kassa - WebByAnnie Exempel 1 ljus","isPartOf":{"@id":"https:\/\/demo.webbyannie.com\/exempel\/1-butik\/#website"},"datePublished":"2021-07-14T22:18:13+00:00","dateModified":"2021-07-30T18:21:33+00:00","breadcrumb":{"@id":"https:\/\/demo.webbyannie.com\/exempel\/1-butik\/kassan\/#breadcrumb"},"inLanguage":"sv-SE","potentialAction":[{"@type":"ReadAction","target":["https:\/\/demo.webbyannie.com\/exempel\/1-butik\/kassan\/"]}]},{"@type":"BreadcrumbList","@id":"https:\/\/demo.webbyannie.com\/exempel\/1-butik\/kassan\/#breadcrumb","itemListElement":[{"@type":"ListItem","position":1,"name":"Hem","item":"https:\/\/demo.webbyannie.com\/exempel\/1-butik\/"},{"@type":"ListItem","position":2,"name":"Kassa"}]},{"@type":"WebSite","@id":"https:\/\/demo.webbyannie.com\/exempel\/1-butik\/#website","url":"https:\/\/demo.webbyannie.com\/exempel\/1-butik\/","name":"WebByAnnie Exempel 1 ljus","description":"WebByAnnie exempelsite","publisher":{"@id":"https:\/\/demo.webbyannie.com\/exempel\/1-butik\/#organization"},"potentialAction":[{"@type":"SearchAction","target":{"@type":"EntryPoint","urlTemplate":"https:\/\/demo.webbyannie.com\/exempel\/1-butik\/?s={search_term_string}"},"query-input":{"@type":"PropertyValueSpecification","valueRequired":true,"valueName":"search_term_string"}}],"inLanguage":"sv-SE"},{"@type":"Organization","@id":"https:\/\/demo.webbyannie.com\/exempel\/1-butik\/#organization","name":"WebByAnnie Exempel 1 ljus","url":"https:\/\/demo.webbyannie.com\/exempel\/1-butik\/","logo":{"@type":"ImageObject","inLanguage":"sv-SE","@id":"https:\/\/demo.webbyannie.com\/exempel\/1-butik\/#\/schema\/logo\/image\/","url":"https:\/\/demo.webbyannie.com\/exempel\/1-butik\/wp-content\/uploads\/2019\/01\/logo12.png","contentUrl":"https:\/\/demo.webbyannie.com\/exempel\/1-butik\/wp-content\/uploads\/2019\/01\/logo12.png","width":400,"height":100,"caption":"WebByAnnie Exempel 1 ljus"},"image":{"@id":"https:\/\/demo.webbyannie.com\/exempel\/1-butik\/#\/schema\/logo\/image\/"}}]}},"_links":{"self":[{"href":"https:\/\/demo.webbyannie.com\/exempel\/1-butik\/wp-json\/wp\/v2\/pages\/1139","targetHints":{"allow":["GET"]}}],"collection":[{"href":"https:\/\/demo.webbyannie.com\/exempel\/1-butik\/wp-json\/wp\/v2\/pages"}],"about":[{"href":"https:\/\/demo.webbyannie.com\/exempel\/1-butik\/wp-json\/wp\/v2\/types\/page"}],"author":[{"embeddable":true,"href":"https:\/\/demo.webbyannie.com\/exempel\/1-butik\/wp-json\/wp\/v2\/users\/1"}],"replies":[{"embeddable":true,"href":"https:\/\/demo.webbyannie.com\/exempel\/1-butik\/wp-json\/wp\/v2\/comments?post=1139"}],"version-history":[{"count":0,"href":"https:\/\/demo.webbyannie.com\/exempel\/1-butik\/wp-json\/wp\/v2\/pages\/1139\/revisions"}],"wp:attachment":[{"href":"https:\/\/demo.webbyannie.com\/exempel\/1-butik\/wp-json\/wp\/v2\/media?parent=1139"}],"curies":[{"name":"wp","href":"https:\/\/api.w.org\/{rel}","templated":true}]}}